{"id":48,"date":"2020-03-04T19:43:47","date_gmt":"2020-03-04T19:43:47","guid":{"rendered":"http:\/\/gemmer-singhofen.de\/?page_id=48"},"modified":"2023-06-10T17:25:26","modified_gmt":"2023-06-10T16:25:26","slug":"sb-waschpark","status":"publish","type":"page","link":"http:\/\/gemmer-singhofen.de\/?page_id=48","title":{"rendered":"SB-Waschpark"},"content":{"rendered":"\n<p class=\"has-text-align-center\">Bitte beachten Sie unsere ge\u00e4nderten \u00d6ffnungszeiten:<\/p>\n\n\n\n<p class=\"has-text-align-center\">Mo-Sa   Freiwaschpl\u00e4tze  07:00-22:00 Uhr<br>Mo-Sa   Waschanlage   07:00-<strong>20:00<\/strong> Uhr<br><br>Profitieren Sie von unserem Sonderangebot: <br>Bei Kauf einer Waschkarte ab 20 Euro gibt es 10% Bonus.<br>Karte ist aufladbar. EC-Kartenzahlung m\u00f6glich.<\/p>\n\n\n<div class=\"wp-block-image\">\n<figure class=\"aligncenter size-full\"><img loading=\"lazy\" decoding=\"async\" width=\"595\" height=\"980\" src=\"http:\/\/gemmer-singhofen.de\/wp-content\/uploads\/2023\/06\/Waschpark.jpg\" alt=\"\" class=\"wp-image-313\" srcset=\"http:\/\/gemmer-singhofen.de\/wp-content\/uploads\/2023\/06\/Waschpark.jpg 595w, http:\/\/gemmer-singhofen.de\/wp-content\/uploads\/2023\/06\/Waschpark-182x300.jpg 182w\" sizes=\"auto, (max-width: 595px) 100vw, 595px\" \/><\/figure>\n<\/div>\n\n\n<figure class=\"wp-block-image size-large\"><img loading=\"lazy\" decoding=\"async\" width=\"960\" height=\"720\" src=\"http:\/\/gemmer-singhofen.de\/wp-content\/uploads\/2020\/09\/Probe.jpg\" alt=\"\" class=\"wp-image-117\" srcset=\"http:\/\/gemmer-singhofen.de\/wp-content\/uploads\/2020\/09\/Probe.jpg 960w, http:\/\/gemmer-singhofen.de\/wp-content\/uploads\/2020\/09\/Probe-300x225.jpg 300w, http:\/\/gemmer-singhofen.de\/wp-content\/uploads\/2020\/09\/Probe-768x576.jpg 768w\" sizes=\"auto, (max-width: 767px) 89vw, (max-width: 1000px) 54vw, (max-width: 1071px) 543px, 580px\" \/><figcaption class=\"wp-element-caption\"> SB-Waschpark Singhofen. H.-W.-Schmitz-Str. 5 <\/figcaption><\/figure>\n\n\n\n<figure class=\"wp-block-image size-large\"><img loading=\"lazy\" decoding=\"async\" width=\"720\" height=\"720\" src=\"http:\/\/gemmer-singhofen.de\/wp-content\/uploads\/2020\/10\/Pickupprog.jpg\" alt=\"\" class=\"wp-image-143\" srcset=\"http:\/\/gemmer-singhofen.de\/wp-content\/uploads\/2020\/10\/Pickupprog.jpg 720w, http:\/\/gemmer-singhofen.de\/wp-content\/uploads\/2020\/10\/Pickupprog-300x300.jpg 300w, http:\/\/gemmer-singhofen.de\/wp-content\/uploads\/2020\/10\/Pickupprog-150x150.jpg 150w, http:\/\/gemmer-singhofen.de\/wp-content\/uploads\/2020\/10\/Pickupprog-100x100.jpg 100w\" sizes=\"auto, (max-width: 720px) 100vw, 720px\" \/><\/figure>\n\n\n\n<figure class=\"wp-block-video\"><video height=\"352\" style=\"aspect-ratio: 640 \/ 352;\" width=\"640\" controls src=\"http:\/\/gemmer-singhofen.de\/wp-content\/uploads\/2021\/09\/Waschpark-Singhofen.mp4\"><\/video><\/figure>\n","protected":false},"excerpt":{"rendered":"<p>Bitte beachten Sie unsere ge\u00e4nderten \u00d6ffnungszeiten: Mo-Sa Freiwaschpl\u00e4tze 07:00-22:00 UhrMo-Sa Waschanlage 07:00-20:00 Uhr Profitieren Sie von unserem Sonderangebot: Bei Kauf einer Waschkarte ab 20 Euro gibt es 10% Bonus.Karte ist aufladbar. EC-Kartenzahlung m\u00f6glich.<\/p>\n","protected":false},"author":1,"featured_media":0,"parent":0,"menu_order":0,"comment_status":"closed","ping_status":"closed","template":"","meta":{"footnotes":""},"class_list":["post-48","page","type-page","status-publish","hentry"],"_links":{"self":[{"href":"http:\/\/gemmer-singhofen.de\/index.php?rest_route=\/wp\/v2\/pages\/48","targetHints":{"allow":["GET"]}}],"collection":[{"href":"http:\/\/gemmer-singhofen.de\/index.php?rest_route=\/wp\/v2\/pages"}],"about":[{"href":"http:\/\/gemmer-singhofen.de\/index.php?rest_route=\/wp\/v2\/types\/page"}],"author":[{"embeddable":true,"href":"http:\/\/gemmer-singhofen.de\/index.php?rest_route=\/wp\/v2\/users\/1"}],"replies":[{"embeddable":true,"href":"http:\/\/gemmer-singhofen.de\/index.php?rest_route=%2Fwp%2Fv2%2Fcomments&post=48"}],"version-history":[{"count":28,"href":"http:\/\/gemmer-singhofen.de\/index.php?rest_route=\/wp\/v2\/pages\/48\/revisions"}],"predecessor-version":[{"id":314,"href":"http:\/\/gemmer-singhofen.de\/index.php?rest_route=\/wp\/v2\/pages\/48\/revisions\/314"}],"wp:attachment":[{"href":"http:\/\/gemmer-singhofen.de\/index.php?rest_route=%2Fwp%2Fv2%2Fmedia&parent=48"}],"curies":[{"name":"wp","href":"https:\/\/api.w.org\/{rel}","templated":true}]}}