{"id":51,"date":"2020-03-04T19:51:25","date_gmt":"2020-03-04T19:51:25","guid":{"rendered":"http:\/\/gemmer-singhofen.de\/?page_id=51"},"modified":"2020-10-07T19:36:26","modified_gmt":"2020-10-07T18:36:26","slug":"impressum","status":"publish","type":"page","link":"http:\/\/gemmer-singhofen.de\/?page_id=51","title":{"rendered":"Impressum"},"content":{"rendered":"\n<h4 class=\"wp-block-heading\"><strong>Verantwortlicher Seitenbetreiber:<\/strong><\/h4>\n\n\n<p>Gemmer Singhofen<br data-rich-text-line-break=\"true\" \/>B\u00e4derstrasse 1<br data-rich-text-line-break=\"true\" \/>56379 Singhofen<\/p>\n<p>Telefon: +49 02604 \/ 9539-0<br \/>Telefax: +49 02604 \/ 9539 40<br \/>E-Mail-Adresse: <a href=\"https:\/\/kleemann.space\/wp-admin\/Info@gemmer-singhofen.de\">Info@gemmer-singhofen.de<\/a><br data-rich-text-line-break=\"true\" \/>Internet-Adresse: <a href=\"http:\/\/www.gemmer-singhofen.de\">http:\/\/www.gemmer-singhofen.de<\/a> <br data-rich-text-line-break=\"true\" \/><br data-rich-text-line-break=\"true\" \/>Registereintrag<br data-rich-text-line-break=\"true\" \/>Eintragung im Handelsregister<br data-rich-text-line-break=\"true\" \/>Registergericht: Amtsgericht Montabaur<br data-rich-text-line-break=\"true\" \/>Registernummer: HRB 47 47<br data-rich-text-line-break=\"true\" \/><br data-rich-text-line-break=\"true\" \/>Umsatzsteuer-ID <br data-rich-text-line-break=\"true\" \/>Umsatzsteuer-Identifikationsnummer (gem\u00e4\u00df \u00a727a Umsatzsteuergesetz)<br data-rich-text-line-break=\"true\" \/>DE257293457<br \/>Vertretungsberechtigte(r): Susanne Gemmer<\/p>\n<p>Plattform der EU-Kommission zur Online-Streitbeilegung:<br data-rich-text-line-break=\"true\" \/><a href=\"http:\/\/www.ec.europa.eu\/consumers\/odr\" target=\"_blank\" rel=\"noreferrer noopener\">www.ec.europa.eu\/consumers\/odr<\/a><br data-rich-text-line-break=\"true\" \/>Wir nehmen nicht an einem Streitbeilegungsverfahren vor einer Verbraucherschlichtungsstelle teil.<\/p>\n\n\n<h4 class=\"wp-block-heading\"><strong>Haftungshinweis:<\/strong><\/h4>\n\n\n\n<p>Diese Internetseiten wurden mit gr\u00f6\u00dfter Sorgfalt erstellt, doch kann  f\u00fcr Richtigkeit, Vollst\u00e4ndigkeit und Aktualit\u00e4t der Inhalte keine Gew\u00e4hr  \u00fcbernommen werden. Wir sind f\u00fcr eigene Inhalte auf diesen Seiten nach  den allgemeinen Gesetzen verantwortlich, doch bestehen Ausnahmen gem\u00e4\u00df  \u00a7\u00a7 8 bis 10 des Telemediengesetzes (TMG). Sobald wir Kenntnis von  widerrechtlichen Verst\u00f6\u00dfen auf unseren Internetseiten erhalten, werden  wir entsprechende Inhalte unverz\u00fcglich entfernen bzw. sperren. <\/p>\n\n\n\n<p>Diese Internetseiten enthalten auch Links zu externen Internetseiten,  auf deren Gestaltungen und Inhalte diesseits keine M\u00f6glichkeit der  Einflussnahme besteht, weshalb weder f\u00fcr die Gestaltungen noch Inhalte  dieser fremden Internetseite Gew\u00e4hr \u00fcbernommen werden kann. Es wurden  diesseits zum Zeitpunkt der Verlinkung die externen Internetseiten auf  m\u00f6gliche Rechtsverst\u00f6\u00dfe \u00fcberpr\u00fcft, wobei widerrechtliche Inhalte nicht  erkennbar waren. Wir weisen darauf hin, dass eine dauerhafte Kontrolle  der verlinkten Seiten wirtschaftlich und personell nicht umsetzbar ist.  Bei bekannt werden von Rechtsverletzungen werden wir den jeweiligen Link  unverz\u00fcglich entfernen.<\/p>\n\n\n\n<p>Die durch die Seitenbetreiber  erstellten Inhalte und Werke auf diesen  Seiten unterliegen dem  deutschen Urheberrecht. Die Vervielf\u00e4ltigung,  Bearbeitung, Verbreitung  und jede Art der Verwertung au\u00dferhalb der  Grenzen des Urheberrechtes  bed\u00fcrfen der schriftlichen Zustimmung des  jeweiligen Autors bzw.  Erstellers. Downloads und Kopien dieser Seite  sind nur f\u00fcr den  privaten, nicht kommerziellen Gebrauch gestattet.  Soweit die Inhalte  auf dieser Seite nicht vom Betreiber erstellt wurden,  werden die  Urheberrechte Dritter beachtet. Insbesondere werden Inhalte  Dritter als  solche gekennzeichnet. Sollten Sie trotzdem auf eine   Urheberrechtsverletzung aufmerksam werden, bitten wir um einen   entsprechenden Hinweis. Bei Bekanntwerden von Rechtsverletzungen werden   wir derartige Inhalte umgehend entfernen.  <\/p>\n\n\n\n<h4 class=\"wp-block-heading\"><strong>Datenschutz:<\/strong><\/h4>\n\n\n\n<p>Um sicherzustellen, dass Sie umf\u00e4nglich \u00fcber Erhebung und Verwendung  personenbezogener Daten auf unseren Internetseiten unterrichtet sind,  informieren wir Sie wie folgt: <\/p>\n\n\n\n<p>1. Anonyme Datenerhebung<br>Sie k\u00f6nnen unsere Webseiten grunds\u00e4tzlich  anonym besuchen. Wir speichern weder den Namen Ihres Internet Service  Providers, noch die Internetseite, von der aus Sie uns besuchen. <\/p>\n\n\n\n<p>2. Erhebung und Verarbeitung personenbezogener Daten<br>Personenbezogene  Angaben (Name, Adresse, Telefonnummer oder E-Mail-Adresse) werden nicht  erfasst, au\u00dfer Sie machen solche Angaben freiwillig, z.B. im Rahmen  einer Informationsanfrage, beim Hinterlassen eines Kommentars und \/ oder  \u00fcber unser Kontaktformular. Bitte beachten Sie, dass die \u00dcbermittlung  der Daten nicht verschl\u00fcsselt erfolgt und deshalb keine vertraulichen  Informationen \u00fcber das Kontaktformular gesendet werden sollten.<br>Sollten  Sie uns eine E-Mail schicken wollen, beachten Sie bitte, dass die  Vertraulichkeit der \u00fcbermittelten Informationen nicht gew\u00e4hrleistet ist,  da Emails von Dritten eingesehen werden k\u00f6nnen. Unsere Empfehlung:  Senden Sie uns vertrauliche Informationen \u00fcber den Postweg. <\/p>\n\n\n\n<p>F\u00fcr eigenes Marketing nutzen wir Ihre Daten nur, wenn Sie zuvor  hierin eingewilligt haben. Falls Sie nachtr\u00e4glich hiermit nicht mehr  einverstanden sein sollten, k\u00f6nnen Sie uns dies jederzeit auf  postalischem oder elektronischem Wege mitteilen, damit wir die Daten  entsprechend sperren k\u00f6nnen.<br>Auf einigen unserer Internetseiten  k\u00f6nnen Sie Kommentare hinterlassen. Sie k\u00f6nnen dort Ihren Namen, einen  Titel und einen Kommentar angeben, diese Felder sind freiwillig. Nach  Freigabe Ihres Kommentars wird Ihr Kommentar, eventuell nebst Ihrem  angegebenen Namen und Ihrem Titel ver\u00f6ffentlicht. Der Kommentar wird  erst wieder gel\u00f6scht, wenn Sie uns eine entsprechende Anfrage senden. <\/p>\n\n\n\n<p>3. Cookies<br>Unsere Internetseite nutzt sog. \u201eCookies\u201c, dies um  unsere Internetpr\u00e4senz nutzerfreundlicher und sicherer zu machen.  Cookies sind kleine Textdateien, die auf Ihrem Computersystem abgelegt  werden. Wir weisen darauf hin, dass einige Cookies von unserem Server  auf Ihr Computersystem \u00fcberspielt werden, wobei dies meist sog.  \u201eSession-Cookies\u201c sind, die automatisch nach Ende der Browser-Sitzung  wieder von Ihrer Festplatte gel\u00f6scht werden. Andere Cookies (dauerhafte  Cookies) verbleiben auf Ihrem Computersystem und erm\u00f6glichen es uns, Ihr  Computersystem bei Ihrem n\u00e4chsten Besuch wiederzuerkennen. Sie k\u00f6nnen  Cookies jederzeit ablehnen, sofern Ihr Browser dies zul\u00e4sst. Bitte  beachten Sie, dass bestimmte Funktionen dieser Internetseite dann  m\u00f6glicherweise nicht oder nur eingeschr\u00e4nkt genutzt werden k\u00f6nnen. <\/p>\n\n\n\n<h4 class=\"wp-block-heading\"><strong>Kontaktformular:<\/strong><\/h4>\n\n\n\n<p>Daten, die bei der&nbsp;Nutzung unseres Kontaktformulars&nbsp;freiwillig  mitgeteilt werden, um mit uns in Kontakt zu treten, nutzen wir, um den  jeweiligen Kontaktwunsch oder das jeweilige Anliegen und m\u00f6gliche  weitere Fragen zu bearbeiten. Nach der Erledigung werden die jeweiligen  Daten gel\u00f6scht, sofern keine gesetzlichen Aufbewahrungspflichten  bestehen. Diese Einwilligung kann jederzeit mit Wirkung f\u00fcr die Zukunft  widerrufen werden.  <\/p>\n\n\n\n<h4 class=\"wp-block-heading\"><strong>Nutzung von Google Maps:<\/strong><\/h4>\n\n\n\n<p>Unsere Webseite benutzt m\u00f6glicherweise Google Maps zur Darstellung  von Karten und zur Erstellung von Anfahrtspl\u00e4nen. Google Maps wird von  Google Inc., 1600 Amphitheatre Parkway, Mountain View, CA 94043, USA  betrieben. Durch den Besuch auf der Webseite erh\u00e4lt Google Informationen  dar\u00fcber, dass Sie die entsprechende Seite unserer Homepage aufgerufen  haben. Dies erfolgt auch unabh\u00e4ngig davon, ob sie ein Google-Konto haben  und \u00fcber dieses eingeloggt sind. F\u00fcr den&nbsp; Fall, dass sie w\u00e4hrend der  Nutzung der Homepage \u00fcber ein Google-Konto eingeloggt sind, werden die  Daten direkt ihrem Konto zugeordnet. Wenn Sie dies nicht w\u00fcnschen, so  m\u00fcssen Sie sich vor Nutzung unserer&nbsp;Homepage ausloggen. Durch die  Nutzung von Google Maps erkl\u00e4ren Sie sich mit der Erfassung, Bearbeitung  sowie der Nutzung der automatisch erhobenen sowie der von Ihnen  eingegeben Daten durch Google einverstanden. Die Nutzungsbedingungen f\u00fcr  Google Maps finden Sie unter&nbsp;<a rel=\"noreferrer noopener\" href=\"http:\/\/www.google.com\/intl\/de_de\/help\/terms_maps.html\" target=\"_blank\">Nutzungsbedingungen f\u00fcr Google Maps<\/a>. Weitere Informationen zum datenschutz bei Google finden Sie unter&nbsp;<a rel=\"noreferrer noopener\" href=\"http:\/\/www.google.de\/intl\/de\/privacy\/\" target=\"_blank\">Transparenz und Wahlm\u00f6glichkeiten<\/a>&nbsp;sowie&nbsp;<a rel=\"noreferrer noopener\" href=\"http:\/\/www.google.de\/intl\/de\/privacy\/privacy-policy.html\" target=\"_blank\">Datenschutzbestimmungen<\/a>. <\/p>\n","protected":false},"excerpt":{"rendered":"<p>Verantwortlicher Seitenbetreiber: Gemmer SinghofenB\u00e4derstrasse 156379 Singhofen Telefon: +49 02604 \/ 9539-0Telefax: +49 02604 \/ 9539 40E-Mail-Adresse: Info@gemmer-singhofen.deInternet-Adresse: http:\/\/www.gemmer-singhofen.de RegistereintragEintragung im HandelsregisterRegistergericht: Amtsgericht MontabaurRegisternummer: HRB 47 47Umsatzsteuer-ID Umsatzsteuer-Identifikationsnummer (gem\u00e4\u00df \u00a727a Umsatzsteuergesetz)DE257293457Vertretungsberechtigte(r): Susanne Gemmer Plattform der EU-Kommission zur Online-Streitbeilegung:www.ec.europa.eu\/consumers\/odrWir nehmen nicht an einem Streitbeilegungsverfahren vor einer Verbraucherschlichtungsstelle teil. Haftungshinweis: Diese Internetseiten wurden mit gr\u00f6\u00dfter Sorgfalt erstellt, doch &hellip; <\/p>\n<p class=\"link-more\"><a href=\"http:\/\/gemmer-singhofen.de\/?page_id=51\" class=\"more-link\"><span class=\"screen-reader-text\">\u201eImpressum\u201c<\/span> weiterlesen<\/a><\/p>\n","protected":false},"author":1,"featured_media":0,"parent":0,"menu_order":0,"comment_status":"closed","ping_status":"closed","template":"","meta":{"footnotes":""},"class_list":["post-51","page","type-page","status-publish","hentry"],"_links":{"self":[{"href":"http:\/\/gemmer-singhofen.de\/index.php?rest_route=\/wp\/v2\/pages\/51","targetHints":{"allow":["GET"]}}],"collection":[{"href":"http:\/\/gemmer-singhofen.de\/index.php?rest_route=\/wp\/v2\/pages"}],"about":[{"href":"http:\/\/gemmer-singhofen.de\/index.php?rest_route=\/wp\/v2\/types\/page"}],"author":[{"embeddable":true,"href":"http:\/\/gemmer-singhofen.de\/index.php?rest_route=\/wp\/v2\/users\/1"}],"replies":[{"embeddable":true,"href":"http:\/\/gemmer-singhofen.de\/index.php?rest_route=%2Fwp%2Fv2%2Fcomments&post=51"}],"version-history":[{"count":5,"href":"http:\/\/gemmer-singhofen.de\/index.php?rest_route=\/wp\/v2\/pages\/51\/revisions"}],"predecessor-version":[{"id":139,"href":"http:\/\/gemmer-singhofen.de\/index.php?rest_route=\/wp\/v2\/pages\/51\/revisions\/139"}],"wp:attachment":[{"href":"http:\/\/gemmer-singhofen.de\/index.php?rest_route=%2Fwp%2Fv2%2Fmedia&parent=51"}],"curies":[{"name":"wp","href":"https:\/\/api.w.org\/{rel}","templated":true}]}}