{"id":78,"date":"2020-03-06T15:50:38","date_gmt":"2020-03-06T14:50:38","guid":{"rendered":"http:\/\/gemmer-singhofen.de\/?page_id=78"},"modified":"2025-05-23T17:57:11","modified_gmt":"2025-05-23T16:57:11","slug":"karriere","status":"publish","type":"page","link":"http:\/\/gemmer-singhofen.de\/?page_id=78","title":{"rendered":"Stellenangebote"},"content":{"rendered":"\n<h4 class=\"wp-block-heading\"><strong>Werden Sie Teil der Autohaus Gemmer GmbH<\/strong><\/h4>\n\n\n\n<p class=\"has-small-font-size\">Seit 1973 vertreten wir im Autohaus Gemmer die japanische Marke Nissan. Wir sind ein familiengef\u00fchrtes, expandierendes, mittelst\u00e4ndiges Unternehmen im Rhein-Lahn-Kreis mit 15 Mitarbeiter. Unser Unternehmen legt einen gro\u00dfen Wert  auf Teamf\u00e4higkeit und Teamdenken, aber auch auf die einzelne Meinung und  Erfahrung unserer Mitarbeiter.  Tragen Sie zum wesentlichen Erfolg  unseres Unternehmens bei und bereichern Nissan Autofahrer in ganz Deutschland  durch Ihre Qualit\u00e4t im Verkauf, Service, in der Werkstatt oder im  Bereich Management.  Wenn Sie auch Ihr Talent unter Beweis  stellen m\u00f6chten, dann kommen Sie zu uns. Wir freuen uns \u00fcber neue  kreative, ambitionierte und kundenorientierte Mitarbeiter, die unser  Team bereichern.  <\/p>\n\n\n\n<div class=\"wp-block-columns is-layout-flex wp-container-core-columns-is-layout-9d6595d7 wp-block-columns-is-layout-flex\">\n<div class=\"wp-block-column is-layout-flow wp-block-column-is-layout-flow\" style=\"flex-basis:100%\">\n<p>Zur Verst\u00e4rkung unseres Teams suchen wir f\u00fcr sofort oder sp\u00e4ter<br><strong>\u2022 Sachbearbeiter in der Buchhaltung m\/w\/d<br>\u2022 Kfz-Mechatroniker m\/w\/d<\/strong><\/p>\n<\/div>\n<\/div>\n\n\n\n<p style=\"font-size:16px\"><strong>Ihr Aufgabenprofil als Sachbearbeiter in der Buchhaltung m\/w\/d:<\/strong><\/p>\n\n\n\n<figure class=\"wp-block-image size-full\"><img loading=\"lazy\" decoding=\"async\" width=\"925\" height=\"935\" src=\"https:\/\/gemmer-singhofen.de\/wp-content\/uploads\/2025\/05\/Sachberabeiter-Buchhaltung.jpg\" alt=\"\" class=\"wp-image-347\" srcset=\"http:\/\/gemmer-singhofen.de\/wp-content\/uploads\/2025\/05\/Sachberabeiter-Buchhaltung.jpg 925w, http:\/\/gemmer-singhofen.de\/wp-content\/uploads\/2025\/05\/Sachberabeiter-Buchhaltung-297x300.jpg 297w, http:\/\/gemmer-singhofen.de\/wp-content\/uploads\/2025\/05\/Sachberabeiter-Buchhaltung-768x776.jpg 768w, http:\/\/gemmer-singhofen.de\/wp-content\/uploads\/2025\/05\/Sachberabeiter-Buchhaltung-100x100.jpg 100w\" sizes=\"auto, (max-width: 767px) 89vw, (max-width: 1000px) 54vw, (max-width: 1071px) 543px, 580px\" \/><\/figure>\n\n\n\n<p class=\"has-small-font-size\"><strong>Anforderungen:<\/strong><br>\u2022 Abgeschlossene kaufm\u00e4nnische Ausbildung, gern mit Erfahrung in der Buchhaltung<br>\u2022 Oder: Ausbildung als Steuerfachangestellter oder sogar Bilanzbuchhalter<br>\u2022 Selbstst\u00e4ndige, strukturierte Arbeitsweise<br>\u2022 Spa\u00df an Zahlen, Ordnung und einem kleinen, famili\u00e4ren Team<\/p>\n\n\n\n<p class=\"has-small-font-size\"><strong>Verantwortlichkeiten:<\/strong><br>\u2022 Du startest mit ca. 8 Stunden pro Woche &#8211; flexibel und gut vereinbar mit Familie, Studium oder anderen Verpflichtungen<br>\u2022 In den n\u00e4chsten Jahren w\u00e4chst Du bei uns Schritt f\u00fcr Schritt in die Buchhaltung hinein.<br>\u2022 Ziel: Du \u00fcbernimmst perspektivisch unsere gesamte Buchhaltung (Gerne auch in Vollzeit)<br><\/p>\n\n\n\n<p style=\"font-size:16px\"><strong>Ihr Aufgabenprofil als Kfz-Mechatroniker m\/w\/d:<\/strong><\/p>\n\n\n\n<figure class=\"wp-block-image size-full\"><img loading=\"lazy\" decoding=\"async\" width=\"1009\" height=\"1004\" src=\"https:\/\/gemmer-singhofen.de\/wp-content\/uploads\/2025\/05\/Kfz-Mechatroniker.jpg\" alt=\"\" class=\"wp-image-349\" srcset=\"http:\/\/gemmer-singhofen.de\/wp-content\/uploads\/2025\/05\/Kfz-Mechatroniker.jpg 1009w, http:\/\/gemmer-singhofen.de\/wp-content\/uploads\/2025\/05\/Kfz-Mechatroniker-300x300.jpg 300w, http:\/\/gemmer-singhofen.de\/wp-content\/uploads\/2025\/05\/Kfz-Mechatroniker-150x150.jpg 150w, http:\/\/gemmer-singhofen.de\/wp-content\/uploads\/2025\/05\/Kfz-Mechatroniker-768x764.jpg 768w, http:\/\/gemmer-singhofen.de\/wp-content\/uploads\/2025\/05\/Kfz-Mechatroniker-100x100.jpg 100w\" sizes=\"auto, (max-width: 767px) 89vw, (max-width: 1000px) 54vw, (max-width: 1071px) 543px, 580px\" \/><\/figure>\n\n\n\n<p class=\"has-small-font-size\"><strong>Anforderungen:<\/strong><br>\u2022 Abgeschlossene Ausbildung als Kfz-Mechatroniker, Kfz-Mechaniker oder vergleichbare Qualifikation<br>\u2022 Fundierte Kenntnisse in der Fahrzeugdiagnose und -instandhaltung<br>\u2022 Selbstst\u00e4ndige und strukturierte Arbeitsweise<br>\u2022 Verantwortungsbewusstsein, Teamgeist und Kundenorientierung<br>\u2022 Bereitschaft zur Weiterbildung und zum Umgang mit moderner Diagnosetechnik<br>\u2022 F\u00fchrerschein Klasse B (erforderlich)<\/p>\n\n\n\n<p class=\"has-small-font-size\"><strong>Verantwortlichkeiten:<\/strong><br>\u2022 Durchf\u00fchrung von Wartungs- und Instandsetzungsarbeiten an Pkw und leichten Nutzfahrzeugen<br>\u2022 Fehlerdiagnose und Behebung von St\u00f6rungen an mechanischen, elektrischen und elektronischen Fahrzeugsystemen.<br>\u2022 Durchf\u00fchrung von Inspektionsarbeiten gem\u00e4\u00df Herstellervorgaben<br>\u2022 Nachr\u00fcstung und Einbau von Zubeh\u00f6rteilen (z.B. Anh\u00e4ngerkupplungen, Alarmanlagen, Standheizungen)<br>\u2022 Dokumentation der Arbeitsschritte und R\u00fcckmeldung von Reparaturbedarfen<br>\u2022 Qualit\u00e4tssicherung und Endkontrollen nach durchgef\u00fchrten Arbeiten<br><\/p>\n\n\n\n<p class=\"has-small-font-size\">Sofern Sie dies mit uns teilen, freuen wir uns auf Ihre Bewerbung per E-Mail an <a href=\"mailto:Karriere@gemmer-singhofen.de\">Karriere@gemmer-singhofen.de<\/a>. Bitte geben Sie Ihre Gehaltsvorstellung und den fr\u00fchestm\u00f6glichen Eintrittstermin an.<\/p>\n\n\n\n<p class=\"has-text-align-center\"><br>====================================<\/p>\n\n\n\n<h4 class=\"wp-block-heading\"><strong>Werden Sie Teil der Gemmer Transporte GmbH<\/strong><\/h4>\n\n\n\n<p class=\"has-small-font-size\">Wir stehen f\u00fcr&nbsp;Nachhaltigkeit und ma\u00dfvollen Umgang mit Ressourcen und vermeiden w\u00e4hrend unserer T\u00e4tigkeit Verschwendung f\u00fcr uns und unsere Umwelt. Wir haben den&nbsp;Arbeitsschutz&nbsp;als unternehmerisches Ziel<br>festgelegt mit dem Ziel der Verbesserung der Arbeitssicherheit und des Gesundheitsschutzes zum Wohle aller. Unser Unternehmen legt einen gro\u00dfen Wert auf Teamf\u00e4higkeit und Teamdenken, aber auch auf die einzelne<br>Meinung und Erfahrung unserer Mitarbeiter.&nbsp;Wenn Sie auch Ihr Talent unter Beweis stellen wollen, dann kommen Sie zu uns. Wir freuen uns \u00fcber neue kreative, ambitionierte und kundenorientierte Mitarbeiter, die unser Team bereichern.<\/p>\n\n\n\n<p>Zur Verst\u00e4rkung unseres Teams suchen wir f\u00fcr sofort oder sp\u00e4ter<br><strong>\u2022 Berufskraftfahrer m\/w\/d<br>\u2022 Werkstatt- \/ Fuhrparkleiter m\/w\/d<br>\u2022 NFZ-Mechaniker m\/w\/d<\/strong><\/p>\n\n\n\n<figure class=\"wp-block-image size-large\"><img loading=\"lazy\" decoding=\"async\" width=\"1024\" height=\"584\" src=\"http:\/\/gemmer-singhofen.de\/wp-content\/uploads\/2021\/09\/Stellenanzeige-1024x584.jpg\" alt=\"\" class=\"wp-image-190\" srcset=\"http:\/\/gemmer-singhofen.de\/wp-content\/uploads\/2021\/09\/Stellenanzeige-1024x584.jpg 1024w, http:\/\/gemmer-singhofen.de\/wp-content\/uploads\/2021\/09\/Stellenanzeige-300x171.jpg 300w, http:\/\/gemmer-singhofen.de\/wp-content\/uploads\/2021\/09\/Stellenanzeige-768x438.jpg 768w, http:\/\/gemmer-singhofen.de\/wp-content\/uploads\/2021\/09\/Stellenanzeige.jpg 1052w\" sizes=\"auto, (max-width: 767px) 89vw, (max-width: 1000px) 54vw, (max-width: 1071px) 543px, 580px\" \/><\/figure>\n\n\n\n<p>Ist aktuell kein Job ausgeschrieben?<\/p>\n\n\n\n<p>Schicken Sie uns Ihre Initiativbewerbung an folgende Adresse:<br><br><a href=\"mailto:Karriere@Gemmer-Singhofen.de\">Autohaus<\/a> Gemmer <a href=\"mailto:Bewerbung@Gemmer-Singhofen.de\">Transporte<\/a><br>Gesch\u00e4ftsleitung\/Initiativbewerbung<br>B\u00e4derstrasse 1<br>56379 Singhofen<br>Deutschland<br>   <\/p>\n","protected":false},"excerpt":{"rendered":"<p>Werden Sie Teil der Autohaus Gemmer GmbH Seit 1973 vertreten wir im Autohaus Gemmer die japanische Marke Nissan. Wir sind ein familiengef\u00fchrtes, expandierendes, mittelst\u00e4ndiges Unternehmen im Rhein-Lahn-Kreis mit 15 Mitarbeiter. Unser Unternehmen legt einen gro\u00dfen Wert auf Teamf\u00e4higkeit und Teamdenken, aber auch auf die einzelne Meinung und Erfahrung unserer Mitarbeiter. Tragen Sie zum wesentlichen Erfolg &hellip; <\/p>\n<p class=\"link-more\"><a href=\"http:\/\/gemmer-singhofen.de\/?page_id=78\" class=\"more-link\"><span class=\"screen-reader-text\">\u201eStellenangebote\u201c<\/span> weiterlesen<\/a><\/p>\n","protected":false},"author":1,"featured_media":0,"parent":0,"menu_order":0,"comment_status":"closed","ping_status":"closed","template":"","meta":{"footnotes":""},"class_list":["post-78","page","type-page","status-publish","hentry"],"_links":{"self":[{"href":"http:\/\/gemmer-singhofen.de\/index.php?rest_route=\/wp\/v2\/pages\/78","targetHints":{"allow":["GET"]}}],"collection":[{"href":"http:\/\/gemmer-singhofen.de\/index.php?rest_route=\/wp\/v2\/pages"}],"about":[{"href":"http:\/\/gemmer-singhofen.de\/index.php?rest_route=\/wp\/v2\/types\/page"}],"author":[{"embeddable":true,"href":"http:\/\/gemmer-singhofen.de\/index.php?rest_route=\/wp\/v2\/users\/1"}],"replies":[{"embeddable":true,"href":"http:\/\/gemmer-singhofen.de\/index.php?rest_route=%2Fwp%2Fv2%2Fcomments&post=78"}],"version-history":[{"count":40,"href":"http:\/\/gemmer-singhofen.de\/index.php?rest_route=\/wp\/v2\/pages\/78\/revisions"}],"predecessor-version":[{"id":355,"href":"http:\/\/gemmer-singhofen.de\/index.php?rest_route=\/wp\/v2\/pages\/78\/revisions\/355"}],"wp:attachment":[{"href":"http:\/\/gemmer-singhofen.de\/index.php?rest_route=%2Fwp%2Fv2%2Fmedia&parent=78"}],"curies":[{"name":"wp","href":"https:\/\/api.w.org\/{rel}","templated":true}]}}